{"id":336,"date":"2019-01-20T09:44:17","date_gmt":"2019-01-20T09:44:17","guid":{"rendered":"https:\/\/aazztech.com\/demos\/plugins\/directorist\/demo-one\/?page_id=336"},"modified":"2026-03-02T14:21:17","modified_gmt":"2026-03-02T20:21:17","slug":"home","status":"publish","type":"page","link":"https:\/\/www.expocafe.mx\/negocios-247\/","title":{"rendered":"Negocios 24\/7 &#8211; Expo Caf\u00e9"},"content":{"rendered":"<p>[vc_row full_width=&#8221;stretch_row&#8221; css=&#8221;.vc_custom_1742491928534{margin-top: 0px !important;padding-top: 0px !important;border-radius: 10px !important;}&#8221;][vc_column width=&#8221;1\/6&#8243; css=&#8221;.vc_custom_1594393444029{border-radius: 35px !important;}&#8221;][\/vc_column][vc_column width=&#8221;2\/3&#8243; css=&#8221;.vc_custom_1742493439479{margin-top: 0px !important;}&#8221;][vc_column_text css_animation=&#8221;bounceIn&#8221; css=&#8221;.vc_custom_1742493435266{padding-top: 100px !important;}&#8221;]<\/p>\n<p style=\"text-align: center;\"><span style=\"color: #eca900;\"><strong>TODO LO QUE BUSCAS, EN EL MOMENTO QUE LO NECESITAS<\/strong><\/span><\/p>\n<p style=\"text-align: center;\">Un cat\u00e1logo digital que presenta las <strong>novedades y productos l\u00edderes<\/strong> para conectarte con nuestros expositores las 24 horas los 7 d\u00edas de la semana.<\/p>\n<p style=\"text-align: center;\">\n<div class=\"directorist-search-contents directorist-contents-wrap\" data-atts=\"{&quot;show_title_subtitle&quot;:&quot;yes&quot;,&quot;search_bar_title&quot;:false,&quot;search_bar_sub_title&quot;:&quot;&quot;,&quot;search_button&quot;:&quot;yes&quot;,&quot;search_button_text&quot;:&quot;Buscar&quot;,&quot;more_filters_button&quot;:&quot;&quot;,&quot;more_filters_text&quot;:&quot;More Filters&quot;,&quot;reset_filters_button&quot;:&quot;yes&quot;,&quot;apply_filters_button&quot;:&quot;yes&quot;,&quot;reset_filters_text&quot;:&quot;Reset Filters&quot;,&quot;apply_filters_text&quot;:&quot;Apply Filters&quot;,&quot;logged_in_user_only&quot;:&quot;&quot;,&quot;redirect_page_url&quot;:&quot;&quot;,&quot;more_filters_display&quot;:&quot;sliding&quot;,&quot;directory_type&quot;:&quot;&quot;,&quot;default_directory_type&quot;:&quot;&quot;,&quot;show_popular_category&quot;:&quot;&quot;}\">\n\n    <div class=\"directorist-container-fluid\">\n\n        \n        \n        <form action=\"https:\/\/www.expocafe.mx\/negocios-247\/resultado-de-busqueda\/\" class=\"directorist-search-form\" data-atts=\"{&quot;show_title_subtitle&quot;:&quot;yes&quot;,&quot;search_bar_title&quot;:false,&quot;search_bar_sub_title&quot;:&quot;&quot;,&quot;search_button&quot;:&quot;yes&quot;,&quot;search_button_text&quot;:&quot;Buscar&quot;,&quot;more_filters_button&quot;:&quot;&quot;,&quot;more_filters_text&quot;:&quot;More Filters&quot;,&quot;reset_filters_button&quot;:&quot;yes&quot;,&quot;apply_filters_button&quot;:&quot;yes&quot;,&quot;reset_filters_text&quot;:&quot;Reset Filters&quot;,&quot;apply_filters_text&quot;:&quot;Apply Filters&quot;,&quot;logged_in_user_only&quot;:&quot;&quot;,&quot;redirect_page_url&quot;:&quot;&quot;,&quot;more_filters_display&quot;:&quot;sliding&quot;,&quot;directory_type&quot;:&quot;&quot;,&quot;default_directory_type&quot;:&quot;&quot;,&quot;show_popular_category&quot;:&quot;&quot;}\">\n\n            <div class=\"directorist-search-form-wrap directorist-search-form__wrap directorist-no-search-border\">\n\n                \n                <input type=\"hidden\" name=\"directory_type\" class=\"listing_type\" value=\"general\">\n\n                \n<div class=\"directorist-search-form__box\">\n\n    <div class=\"directorist-search-form-top directorist-flex directorist-align-center directorist-search-form-inline directorist-search-form__top\">\n        \n<div class=\"directorist-search-adv-filter directorist-advanced-filter\">\n    \n                    \n<div class=\"directorist-search-field directorist-form-group directorist-search-query \">\n\n            <label class=\"directorist-search-field__label\" for=\"\">\u00bfQu\u00e9 producto buscas?<\/label>\n    \n    <input class=\"directorist-form-element directorist-search-field__input\" id=\"\" type=\"text\" name=\"q\" value=\"\" placeholder=\"\u00bfQu\u00e9 producto buscas?\" >\n\n    <div class=\"directorist-search-field__btn directorist-search-field__btn--clear\">\n        <i class=\"directorist-icon-mask\" aria-hidden=\"true\" style=\"--directorist-icon: url(https:\/\/www.expocafe.mx\/negocios-247\/wp-content\/plugins\/directorist\/assets\/icons\/font-awesome\/svgs\/solid\/times-circle.svg)\"><\/i>    <\/div>\n\n<\/div>                    <div class=\"directorist-search-field directorist-form-group \">\n    <div class=\"directorist-select directorist-search-category directorist-search-field__input\">\n\n                    <label class=\"directorist-search-field__label\">Selecciona una categor\u00eda<\/label>\n        \n        <select name=\"in_cat\" class=\"search_fields bdas-category-search directorist-category-select\" data-placeholder=\"Selecciona una categor\u00eda\"  data-isSearch=\"true\" data-selected-id=\"\" data-selected-label=\"\">\n            <option value=\"\">Select Category<\/option><option data-icon=\"https:\/\/www.expocafe.mx\/negocios-247\/wp-content\/plugins\/directorist\/assets\/icons\/line-awesome\/svgs\/american-sign-language-interpreting-solid.svg\" data-custom-field=\"\" value=\"46\">Accesorios para cafeter\u00edas<\/option><option data-icon=\"https:\/\/www.expocafe.mx\/negocios-247\/wp-content\/plugins\/directorist\/assets\/icons\/line-awesome\/svgs\/american-sign-language-interpreting-solid.svg\" data-custom-field=\"\" value=\"73\">Accesorios para preparaci\u00f3n de t\u00e9 y tisanas<\/option><option data-icon=\"https:\/\/www.expocafe.mx\/negocios-247\/wp-content\/plugins\/directorist\/assets\/icons\/line-awesome\/svgs\/american-sign-language-interpreting-solid.svg\" data-custom-field=\"\" value=\"62\">Caf\u00e9 en grano<\/option><option data-icon=\"https:\/\/www.expocafe.mx\/negocios-247\/wp-content\/plugins\/directorist\/assets\/icons\/line-awesome\/svgs\/american-sign-language-interpreting-solid.svg\" data-custom-field=\"\" value=\"74\">Cafeteras y accesorios para preparar caf\u00e9 en casa<\/option><option data-icon=\"https:\/\/www.expocafe.mx\/negocios-247\/wp-content\/plugins\/directorist\/assets\/icons\/line-awesome\/svgs\/american-sign-language-interpreting-solid.svg\" data-custom-field=\"\" value=\"75\">Cafeteras y accesorios para preparar caf\u00e9 en oficina<\/option><option data-icon=\"https:\/\/www.expocafe.mx\/negocios-247\/wp-content\/plugins\/directorist\/assets\/icons\/line-awesome\/svgs\/american-sign-language-interpreting-solid.svg\" data-custom-field=\"\" value=\"71\">Equipo para cafeter\u00edas (Cafeteras, molinos y tostadores)<\/option><option data-icon=\"https:\/\/www.expocafe.mx\/negocios-247\/wp-content\/plugins\/directorist\/assets\/icons\/line-awesome\/svgs\/american-sign-language-interpreting-solid.svg\" data-custom-field=\"\" value=\"77\">Equipo y maquinar\u00eda para el campo<\/option><option data-icon=\"https:\/\/www.expocafe.mx\/negocios-247\/wp-content\/plugins\/directorist\/assets\/icons\/line-awesome\/svgs\/american-sign-language-interpreting-solid.svg\" data-custom-field=\"\" value=\"72\">Materias primas e insumos para cafeter\u00edas (Jarabes, saborizantes etc)<\/option><option data-icon=\"https:\/\/www.expocafe.mx\/negocios-247\/wp-content\/plugins\/directorist\/assets\/icons\/line-awesome\/svgs\/american-sign-language-interpreting-solid.svg\" data-custom-field=\"\" value=\"43\">Mobiliario para cafeter\u00edas<\/option><option data-icon=\"https:\/\/www.expocafe.mx\/negocios-247\/wp-content\/plugins\/directorist\/assets\/icons\/line-awesome\/svgs\/american-sign-language-interpreting-solid.svg\" data-custom-field=\"\" value=\"64\">Otros<\/option><option data-icon=\"https:\/\/www.expocafe.mx\/negocios-247\/wp-content\/plugins\/directorist\/assets\/icons\/line-awesome\/svgs\/american-sign-language-interpreting-solid.svg\" data-custom-field=\"\" value=\"76\">Productores de caf\u00e9, caf\u00e9 en grano y molido<\/option><option data-icon=\"https:\/\/www.expocafe.mx\/negocios-247\/wp-content\/plugins\/directorist\/assets\/icons\/line-awesome\/svgs\/american-sign-language-interpreting-solid.svg\" data-custom-field=\"\" value=\"78\">Proveedores de empaques y productos desechables<\/option><option data-icon=\"https:\/\/www.expocafe.mx\/negocios-247\/wp-content\/plugins\/directorist\/assets\/icons\/line-awesome\/svgs\/american-sign-language-interpreting-solid.svg\" data-custom-field=\"\" value=\"45\">T\u00e9 y tisanas<\/option><option data-icon=\"https:\/\/www.expocafe.mx\/negocios-247\/wp-content\/plugins\/directorist\/assets\/icons\/line-awesome\/svgs\/american-sign-language-interpreting-solid.svg\" data-custom-field=\"\" value=\"79\">Textiles para cafeter\u00edas y restaurantes<\/option><option data-icon=\"https:\/\/www.expocafe.mx\/negocios-247\/wp-content\/plugins\/directorist\/assets\/icons\/line-awesome\/svgs\/american-sign-language-interpreting-solid.svg\" data-custom-field=\"\" value=\"66\">Todas las categor\u00edas<\/option><option data-icon=\"https:\/\/www.expocafe.mx\/negocios-247\/wp-content\/plugins\/directorist\/assets\/icons\/line-awesome\/svgs\/american-sign-language-interpreting-solid.svg\" data-custom-field=\"\" value=\"17\">Tostadores de caf\u00e9<\/option>        <\/select>\n\n    <\/div>\n    <div class=\"directorist-search-field__btn directorist-search-field__btn--clear\">\n        <i class=\"directorist-icon-mask\" aria-hidden=\"true\" style=\"--directorist-icon: url(https:\/\/www.expocafe.mx\/negocios-247\/wp-content\/plugins\/directorist\/assets\/icons\/font-awesome\/svgs\/solid\/times-circle.svg)\"><\/i> \n    <\/div>\n<\/div>                \n    <\/div>    <\/div>\n\n    \n<div class=\"directorist-search-form-action\">\n\n    \n    \n        <div class=\"directorist-search-form-action__submit\">\n            <button type=\"submit\" class=\"directorist-btn directorist-btn-lg directorist-btn-primary directorist-btn-search\">\n\n                \n                Buscar\n            <\/button>\n        <\/div>\n\n    \n<\/div>\n<\/div>\n\n<div class=\"directorist-search-modal directorist-search-modal--advanced\">\n    \n<div class=\"directorist-search-modal__overlay\"><\/div>\n<div class=\"directorist-search-adv-filter directorist-advanced-filter directorist-search-modal__contents\">\n    <div class=\"directorist-search-modal__contents__header\">\n        <h3 class=\"directorist-search-modal__contents__title\">More Filters<\/h3>\n        <button class=\"directorist-search-modal__contents__btn directorist-search-modal__contents__btn--close\"><i class=\"directorist-icon-mask\" aria-hidden=\"true\" style=\"--directorist-icon: url(https:\/\/www.expocafe.mx\/negocios-247\/wp-content\/plugins\/directorist\/assets\/icons\/font-awesome\/svgs\/solid\/times.svg)\"><\/i><\/button>\n        <span class=\"directorist-search-modal__minimizer\"><\/span>\n    <\/div>\n    <div class=\"directorist-search-modal__contents__body\">\n                        <div class=\"directorist-advanced-filter__advanced__element directorist-search-field-tag\">\n                                    <\/div>\n                <\/div>\n    <div class=\"directorist-search-modal__contents__footer\">\n        \n<div class=\"directorist-advanced-filter__action directorist-flex directorist-align-center directorist-justify-content-between flex-wrap\">\n\n            <button type=\"submit\" class=\"directorist-btn directorist-btn-sm directorist-btn-submit\">Apply Filters<\/button>\n    \n            <button type=\"submit\" class=\"directorist-btn-reset-js\">Reset Filters<\/button>\n    \n<\/div>    <\/div>\n<\/div>\n<\/div>\n            <\/div>\n\n        <\/form>\n\n        \n        \n    <\/div>\n\n<\/div>\n<p>[\/vc_column_text][\/vc_column][vc_column width=&#8221;1\/6&#8243;][\/vc_column][\/vc_row][vc_row content_placement=&#8221;middle&#8221; el_class=&#8221;categories&#8221; css=&#8221;.vc_custom_1686167930909{margin-bottom: 100px !important;}&#8221;][vc_column css=&#8221;.vc_custom_1686166831355{margin-top: 0px !important;margin-right: 60px !important;margin-left: 60px !important;padding-top: 0px !important;}&#8221;][vc_column_text css_animation=&#8221;bounceIn&#8221;]<\/p>\n<p style=\"text-align: center;\"><span style=\"color: #eca900;\"><strong>Busca por sector, las marcas que nos acompa\u00f1an<\/strong><\/span><\/p>\n<div id=\"gtx-trans\" style=\"position: absolute; left: 565px; top: 38px;\">\n<div class=\"gtx-trans-icon\"><\/div>\n<\/div>\n<p>[\/vc_column_text][vc_row_inner equal_height=&#8221;yes&#8221; gap=&#8221;20&#8243; css=&#8221;.vc_custom_1708711017099{margin-top: 30px !important;}&#8221;][vc_column_inner width=&#8221;1\/6&#8243; css=&#8221;.vc_custom_1643306382962{margin-right: 20px !important;margin-left: 20px !important;}&#8221;][vc_single_image image=&#8221;5137&#8243; img_size=&#8221;full&#8221; alignment=&#8221;center&#8221; onclick=&#8221;custom_link&#8221; link=&#8221;https:\/\/www.expocafe.mx\/negocios-247\/categoria\/todas-las-categorias\/&#8221;][vc_column_text]<a href=\"https:\/\/www.expocafe.mx\/negocios-247\/categoria\/todas-las-categorias\/\">Todas las categor\u00edas<\/a>[\/vc_column_text][\/vc_column_inner][vc_column_inner width=&#8221;1\/6&#8243; css=&#8221;.vc_custom_1643306390586{margin-right: 20px !important;margin-left: 20px !important;}&#8221;][vc_single_image image=&#8221;5107&#8243; img_size=&#8221;full&#8221; alignment=&#8221;center&#8221; onclick=&#8221;custom_link&#8221; link=&#8221;https:\/\/www.expocafe.mx\/negocios-247\/categoria\/accesorios-para-cafeterias\/&#8221;][vc_column_text]<a href=\"https:\/\/www.expocafe.mx\/negocios-247\/categoria\/accesorios-para-cafeterias\/\">Accesorios para cafeter\u00edas<\/a>[\/vc_column_text][\/vc_column_inner][vc_column_inner width=&#8221;1\/6&#8243; css=&#8221;.vc_custom_1643306397978{margin-right: 20px !important;margin-left: 20px !important;}&#8221;][vc_single_image image=&#8221;5124&#8243; img_size=&#8221;full&#8221; alignment=&#8221;center&#8221; onclick=&#8221;custom_link&#8221; link=&#8221;https:\/\/www.expocafe.mx\/negocios-247\/categoria\/accesorios-para-preparacion-de-te-y-tisanas\/&#8221;][vc_column_text]<a href=\"https:\/\/www.expocafe.mx\/negocios-247\/categoria\/accesorios-para-preparacion-de-te-y-tisanas\/\">Accesorios para preparaci\u00f3n de t\u00e9 y tisanas<\/a>[\/vc_column_text][\/vc_column_inner][vc_column_inner width=&#8221;1\/6&#8243; css=&#8221;.vc_custom_1643306414194{margin-right: 20px !important;margin-left: 20px !important;}&#8221;][vc_single_image image=&#8221;5125&#8243; img_size=&#8221;full&#8221; alignment=&#8221;center&#8221; onclick=&#8221;custom_link&#8221; link=&#8221;https:\/\/www.expocafe.mx\/negocios-247\/categoria\/cafe-en-grano\/&#8221;][vc_column_text]<br \/>\n<a href=\"https:\/\/www.expocafe.mx\/negocios-247\/categoria\/cafe-en-grano\/\">Caf\u00e9 en grano<\/a><br \/>\n[\/vc_column_text][\/vc_column_inner][vc_column_inner width=&#8221;1\/6&#8243; css=&#8221;.vc_custom_1643306421314{margin-right: 20px !important;margin-left: 20px !important;}&#8221;][vc_single_image image=&#8221;5139&#8243; img_size=&#8221;full&#8221; alignment=&#8221;center&#8221; onclick=&#8221;custom_link&#8221; link=&#8221;https:\/\/www.expocafe.mx\/negocios-247\/categoria\/cafeteras-y-accesorios-para-preparar-cafe-en-casa\/&#8221;][vc_column_text]<a href=\"https:\/\/www.expocafe.mx\/negocios-247\/categoria\/cafeteras-y-accesorios-para-preparar-cafe-en-casa\/\">Cafeteras y accesorios para preparar caf\u00e9 en casa<\/a>[\/vc_column_text][\/vc_column_inner][vc_column_inner width=&#8221;1\/6&#8243; css=&#8221;.vc_custom_1643306428522{margin-right: 20px !important;margin-left: 20px !important;}&#8221;][vc_single_image image=&#8221;5140&#8243; img_size=&#8221;full&#8221; alignment=&#8221;center&#8221; onclick=&#8221;custom_link&#8221; link=&#8221;https:\/\/www.expocafe.mx\/negocios-247\/categoria\/cafeteras-y-accesorios-para-preparar-cafe-en-oficina\/&#8221;][vc_column_text]<a href=\"https:\/\/www.expocafe.mx\/negocios-247\/categoria\/cafeteras-y-accesorios-para-preparar-cafe-en-oficina\/\">Cafeteras y accesorios para preparar caf\u00e9 en oficina<\/a>[\/vc_column_text][\/vc_column_inner][\/vc_row_inner][vc_row_inner equal_height=&#8221;yes&#8221; gap=&#8221;20&#8243; css=&#8221;.vc_custom_1708711034594{margin-top: 30px !important;}&#8221;][vc_column_inner width=&#8221;1\/6&#8243; css=&#8221;.vc_custom_1643306382962{margin-right: 20px !important;margin-left: 20px !important;}&#8221;][vc_single_image image=&#8221;5142&#8243; img_size=&#8221;full&#8221; alignment=&#8221;center&#8221; onclick=&#8221;custom_link&#8221; link=&#8221;https:\/\/www.expocafe.mx\/negocios-247\/categoria\/equipo-para-cafeterias-cafeteras-molinos-y-tostadores\/&#8221;][vc_column_text]<a href=\"https:\/\/www.expocafe.mx\/negocios-247\/categoria\/equipo-para-cafeterias-cafeteras-molinos-y-tostadores\/\">Equipo para cafeter\u00edas (Cafeteras, molinos y tostadores)<\/a>[\/vc_column_text][\/vc_column_inner][vc_column_inner width=&#8221;1\/6&#8243; css=&#8221;.vc_custom_1643306390586{margin-right: 20px !important;margin-left: 20px !important;}&#8221;][vc_single_image image=&#8221;5129&#8243; img_size=&#8221;full&#8221; alignment=&#8221;center&#8221; onclick=&#8221;custom_link&#8221; link=&#8221;https:\/\/www.expocafe.mx\/negocios-247\/categoria\/equipo-y-maquinaria-para-el-campo\/&#8221;][vc_column_text]<a href=\"https:\/\/www.expocafe.mx\/negocios-247\/categoria\/equipo-y-maquinaria-para-el-campo\/\">Equipo y maquinaria para el campo<\/a>[\/vc_column_text][\/vc_column_inner][vc_column_inner width=&#8221;1\/6&#8243; css=&#8221;.vc_custom_1643306397978{margin-right: 20px !important;margin-left: 20px !important;}&#8221;][vc_single_image image=&#8221;5130&#8243; img_size=&#8221;full&#8221; alignment=&#8221;center&#8221; onclick=&#8221;custom_link&#8221; link=&#8221;https:\/\/www.expocafe.mx\/negocios-247\/categoria\/materias-primas-e-insumos-para-cafeterias-jarabes-saborizantes-etc\/&#8221;][vc_column_text]<a href=\"https:\/\/www.expocafe.mx\/negocios-247\/categoria\/materias-primas-e-insumos-para-cafeterias-jarabes-saborizantes-etc\/\">Materias primas e insumos para cafeter\u00edas (jarabes, saborizantes)<\/a>[\/vc_column_text][\/vc_column_inner][vc_column_inner width=&#8221;1\/6&#8243; css=&#8221;.vc_custom_1643306414194{margin-right: 20px !important;margin-left: 20px !important;}&#8221;][vc_single_image image=&#8221;5131&#8243; img_size=&#8221;full&#8221; alignment=&#8221;center&#8221; onclick=&#8221;custom_link&#8221; link=&#8221;https:\/\/www.expocafe.mx\/negocios-247\/categoria\/mobiliario-para-cafeterias\/&#8221;][vc_column_text]<a href=\"https:\/\/www.expocafe.mx\/negocios-247\/categoria\/mobiliario-para-cafeterias\/\">Mobiliario para cafeter\u00edas<\/a>[\/vc_column_text][\/vc_column_inner][vc_column_inner width=&#8221;1\/6&#8243; css=&#8221;.vc_custom_1643306421314{margin-right: 20px !important;margin-left: 20px !important;}&#8221;][vc_single_image image=&#8221;5132&#8243; img_size=&#8221;full&#8221; alignment=&#8221;center&#8221; onclick=&#8221;custom_link&#8221; link=&#8221;https:\/\/www.expocafe.mx\/negocios-247\/categoria\/otros\/&#8221;][vc_column_text]<a href=\"https:\/\/www.expocafe.mx\/negocios-247\/categoria\/otros\/\">Otros<\/a>[\/vc_column_text][\/vc_column_inner][vc_column_inner width=&#8221;1\/6&#8243; css=&#8221;.vc_custom_1643306428522{margin-right: 20px !important;margin-left: 20px !important;}&#8221;][vc_single_image image=&#8221;5132&#8243; img_size=&#8221;full&#8221; alignment=&#8221;center&#8221; onclick=&#8221;custom_link&#8221; link=&#8221;https:\/\/www.expocafe.mx\/negocios-247\/categoria\/productores-de-cafe-cafe-en-grano-y-molido\/&#8221;][vc_column_text]<a href=\"https:\/\/www.expocafe.mx\/negocios-247\/categoria\/productores-de-cafe-cafe-en-grano-y-molido\/\">Productores de caf\u00e9, caf\u00e9 en grano y molido<\/a>[\/vc_column_text][\/vc_column_inner][\/vc_row_inner][vc_row_inner equal_height=&#8221;yes&#8221; gap=&#8221;20&#8243; css=&#8221;.vc_custom_1772483260940{margin-top: 30px !important;margin-bottom: 0px !important;}&#8221;][vc_column_inner el_class=&#8221;noBorder&#8221; width=&#8221;1\/6&#8243; css=&#8221;.vc_custom_1708639972373{margin-right: 20px !important;margin-left: 20px !important;}&#8221;][\/vc_column_inner][vc_column_inner width=&#8221;1\/6&#8243; css=&#8221;.vc_custom_1643306390586{margin-right: 20px !important;margin-left: 20px !important;}&#8221;][vc_single_image image=&#8221;5134&#8243; img_size=&#8221;full&#8221; alignment=&#8221;center&#8221; onclick=&#8221;custom_link&#8221; link=&#8221;https:\/\/www.expocafe.mx\/negocios-247\/categoria\/proveedores-de-empaques-y-productos-desechables\/&#8221;][vc_column_text]<a href=\"https:\/\/www.expocafe.mx\/negocios-247\/categoria\/proveedores-de-empaques-y-productos-desechables\/\">Proveedores de empaques y productos desechables<\/a>[\/vc_column_text][\/vc_column_inner][vc_column_inner width=&#8221;1\/6&#8243; css=&#8221;.vc_custom_1643306397978{margin-right: 20px !important;margin-left: 20px !important;}&#8221;][vc_single_image image=&#8221;5135&#8243; img_size=&#8221;full&#8221; alignment=&#8221;center&#8221; onclick=&#8221;custom_link&#8221; link=&#8221;https:\/\/www.expocafe.mx\/negocios-247\/categoria\/te-y-tisanas\/&#8221;][vc_column_text]<a href=\"https:\/\/www.expocafe.mx\/negocios-247\/categoria\/te-y-tisanas\/\">T\u00e9 y tisanas<\/a>[\/vc_column_text][\/vc_column_inner][vc_column_inner width=&#8221;1\/6&#8243; css=&#8221;.vc_custom_1643306414194{margin-right: 20px !important;margin-left: 20px !important;}&#8221;][vc_single_image image=&#8221;5136&#8243; img_size=&#8221;full&#8221; alignment=&#8221;center&#8221; onclick=&#8221;custom_link&#8221; link=&#8221;https:\/\/www.expocafe.mx\/negocios-247\/categoria\/textiles-para-cafeterias-y-restaurantes\/&#8221;][vc_column_text]<a href=\"https:\/\/www.expocafe.mx\/negocios-247\/categoria\/textiles-para-cafeterias-y-restaurantes\/\">Textiles para cafeter\u00edas y restaurantes<\/a>[\/vc_column_text][\/vc_column_inner][vc_column_inner width=&#8221;1\/6&#8243; css=&#8221;.vc_custom_1643306421314{margin-right: 20px !important;margin-left: 20px !important;}&#8221;][vc_single_image image=&#8221;5138&#8243; img_size=&#8221;full&#8221; alignment=&#8221;center&#8221; onclick=&#8221;custom_link&#8221; link=&#8221;https:\/\/www.expocafe.mx\/negocios-247\/categoria\/tostadoras-de-cafe\/&#8221;][vc_column_text]<a href=\"https:\/\/www.expocafe.mx\/negocios-247\/categoria\/tostadoras-de-cafe\/\">Tostadores de caf\u00e9<\/a>[\/vc_column_text][\/vc_column_inner][vc_column_inner el_class=&#8221;noBorder&#8221; width=&#8221;1\/6&#8243; css=&#8221;.vc_custom_1708640034456{margin-right: 20px !important;margin-left: 20px !important;}&#8221;][\/vc_column_inner][\/vc_row_inner][\/vc_column][\/vc_row]<\/p>\n","protected":false},"excerpt":{"rendered":"<p>[vc_row full_width=&#8221;stretch_row&#8221; css=&#8221;.vc_custom_1742491928534{margin-top: 0px !important;padding-top: 0px !important;border-radius: 10px !important;}&#8221;][vc_column width=&#8221;1\/6&#8243; css=&#8221;.vc_custom_1594393444029{border-radius: 35px !important;}&#8221;][\/vc_column][vc_column width=&#8221;2\/3&#8243; css=&#8221;.vc_custom_1742493439479{margin-top: 0px !important;}&#8221;][vc_column_text css_animation=&#8221;bounceIn&#8221; css=&#8221;.vc_custom_1742493435266{padding-top: 100px !important;}&#8221;] TODO LO QUE BUSCAS, EN EL MOMENTO QUE LO NECESITAS Un cat\u00e1logo digital que presenta las novedades y productos l\u00edderes para conectarte con nuestros expositores las 24 horas los 7 d\u00edas de la semana.<br \/><a class=\"directory_read_more\" href=\"https:\/\/www.expocafe.mx\/negocios-247\/\"> Read More<\/a><\/p>\n","protected":false},"author":1,"featured_media":0,"parent":0,"menu_order":0,"comment_status":"closed","ping_status":"closed","template":"templates\/home-page.php","meta":{"footnotes":""},"class_list":["post-336","page","type-page","status-publish","hentry"],"_links":{"self":[{"href":"https:\/\/www.expocafe.mx\/negocios-247\/wp-json\/wp\/v2\/pages\/336","targetHints":{"allow":["GET"]}}],"collection":[{"href":"https:\/\/www.expocafe.mx\/negocios-247\/wp-json\/wp\/v2\/pages"}],"about":[{"href":"https:\/\/www.expocafe.mx\/negocios-247\/wp-json\/wp\/v2\/types\/page"}],"author":[{"embeddable":true,"href":"https:\/\/www.expocafe.mx\/negocios-247\/wp-json\/wp\/v2\/users\/1"}],"replies":[{"embeddable":true,"href":"https:\/\/www.expocafe.mx\/negocios-247\/wp-json\/wp\/v2\/comments?post=336"}],"version-history":[{"count":7,"href":"https:\/\/www.expocafe.mx\/negocios-247\/wp-json\/wp\/v2\/pages\/336\/revisions"}],"predecessor-version":[{"id":8011,"href":"https:\/\/www.expocafe.mx\/negocios-247\/wp-json\/wp\/v2\/pages\/336\/revisions\/8011"}],"wp:attachment":[{"href":"https:\/\/www.expocafe.mx\/negocios-247\/wp-json\/wp\/v2\/media?parent=336"}],"curies":[{"name":"wp","href":"https:\/\/api.w.org\/{rel}","templated":true}]}}